{"id":2226,"date":"2025-03-01T20:54:56","date_gmt":"2025-03-01T18:54:56","guid":{"rendered":"https:\/\/tcon.gr\/lentreprise\/"},"modified":"2025-06-01T18:56:06","modified_gmt":"2025-06-01T15:56:06","slug":"lentreprise","status":"publish","type":"page","link":"https:\/\/tcon.gr\/fr\/lentreprise\/","title":{"rendered":"L&#8217;Entreprise"},"content":{"rendered":"\t\t<div data-elementor-type=\"wp-page\" data-elementor-id=\"2226\" class=\"elementor elementor-2226 elementor-78\" data-elementor-post-type=\"page\">\n\t\t\t\t<div class=\"elementor-element elementor-element-f5ea3b3 e-flex e-con-boxed e-con e-parent\" data-id=\"f5ea3b3\" data-element_type=\"container\">\n\t\t\t\t\t<div class=\"e-con-inner\">\n\t\t<div class=\"elementor-element elementor-element-24bb7b6 e-con-full e-flex e-con e-child\" data-id=\"24bb7b6\" data-element_type=\"container\" data-settings=\"{&quot;background_background&quot;:&quot;classic&quot;}\">\n\t\t\t\t<div class=\"elementor-element elementor-element-80f1eee etheme-elementor-widget-loaded elementor-widget elementor-widget-image\" data-id=\"80f1eee\" data-element_type=\"widget\" data-widget_type=\"image.default\">\n\t\t\t\t<div class=\"elementor-widget-container\">\n\t\t\t\t\t\t\t\t\t\t\t\t\t\t\t<img loading=\"lazy\" loading=\"lazy\" decoding=\"async\" width=\"385\" height=\"515\" src=\"https:\/\/tcon.gr\/twp\/wp-content\/uploads\/2024\/12\/aboutTCON-banner-01.jpg\" class=\"attachment-full size-full wp-image-2022\" alt=\"\" srcset=\"https:\/\/tcon.gr\/twp\/wp-content\/uploads\/2024\/12\/aboutTCON-banner-01.jpg 385w, https:\/\/tcon.gr\/twp\/wp-content\/uploads\/2024\/12\/aboutTCON-banner-01-1x1.jpg 1w, https:\/\/tcon.gr\/twp\/wp-content\/uploads\/2024\/12\/aboutTCON-banner-01-7x10.jpg 7w\" sizes=\"auto, (max-width: 385px) 100vw, 385px\" \/>\t\t\t\t\t\t\t\t\t\t\t\t\t\t\t<\/div>\n\t\t\t\t<\/div>\n\t\t<div class=\"elementor-element elementor-element-ded9b6f e-con-full e-flex e-con e-child\" data-id=\"ded9b6f\" data-element_type=\"container\">\n\t\t\t\t<div class=\"elementor-element elementor-element-44e7111 elementor-widget elementor-widget-text-editor\" data-id=\"44e7111\" data-element_type=\"widget\" data-widget_type=\"text-editor.default\">\n\t\t\t\t<div class=\"elementor-widget-container\">\n\t\t\t\t\t\t\t\t\t<p>Nous avons fond\u00e9 TCON en 2006 avec la vision de concevoir et de r\u00e9aliser des projets techniques qui se distinguent par leur qualit\u00e9.<\/p>\n\t\t\t\t\t\t\t\t<\/div>\n\t\t\t\t<\/div>\n\t\t\t\t<div class=\"elementor-element elementor-element-9d76409 elementor-widget elementor-widget-text-editor\" data-id=\"9d76409\" data-element_type=\"widget\" data-widget_type=\"text-editor.default\">\n\t\t\t\t<div class=\"elementor-widget-container\">\n\t\t\t\t\t\t\t\t\t<p>Avec coh\u00e9rence, innovation et expertise sp\u00e9cialis\u00e9e, nous continuons \u00e0 entreprendre des projets exigeants qui r\u00e9pondent aux besoins de nos clients et d\u00e9passent leurs attentes.<\/p>\n\t\t\t\t\t\t\t\t<\/div>\n\t\t\t\t<\/div>\n\t\t\t\t<div class=\"elementor-element elementor-element-d705e87 elementor-align-left elementor-widget elementor-widget-text_button\" data-id=\"d705e87\" data-element_type=\"widget\" data-widget_type=\"text_button.default\">\n\t\t\t\t<div class=\"elementor-widget-container\">\n\t\t\t\t\t<div class=\"etheme-button-wrapper etheme-animated etheme-animation-wobble-horizontal\"><a href=\"https:\/\/tcon.gr\/fr\/lentreprise\/qui-nous-sommes\/\" class=\"fill-none etheme-text-button elementor-button\" role=\"button\">\n        <span class=\"elementor-button-content-wrapper\">\n            \n\t\t\t<span class=\"elementor-button-text\">En savoir plus<\/span>\n\n            \n            \n        <\/span><\/a><\/div>\t\t\t\t<\/div>\n\t\t\t\t<\/div>\n\t\t\t\t<\/div>\n\t\t\t\t<\/div>\n\t\t<div class=\"elementor-element elementor-element-57a88e5 e-con-full e-flex e-con e-child\" data-id=\"57a88e5\" data-element_type=\"container\" data-settings=\"{&quot;background_background&quot;:&quot;classic&quot;}\">\n\t\t\t\t<div class=\"elementor-element elementor-element-88137f2 etheme-elementor-widget-loaded elementor-widget elementor-widget-image\" data-id=\"88137f2\" data-element_type=\"widget\" data-widget_type=\"image.default\">\n\t\t\t\t<div class=\"elementor-widget-container\">\n\t\t\t\t\t\t\t\t\t\t\t\t\t\t\t<img loading=\"lazy\" loading=\"lazy\" decoding=\"async\" width=\"410\" height=\"270\" src=\"https:\/\/tcon.gr\/twp\/wp-content\/uploads\/2024\/12\/aboutTCON-banner-.jpg\" class=\"attachment-full size-full wp-image-2024\" alt=\"\" srcset=\"https:\/\/tcon.gr\/twp\/wp-content\/uploads\/2024\/12\/aboutTCON-banner-.jpg 410w, https:\/\/tcon.gr\/twp\/wp-content\/uploads\/2024\/12\/aboutTCON-banner--1x1.jpg 1w, https:\/\/tcon.gr\/twp\/wp-content\/uploads\/2024\/12\/aboutTCON-banner--10x7.jpg 10w\" sizes=\"auto, (max-width: 410px) 100vw, 410px\" \/>\t\t\t\t\t\t\t\t\t\t\t\t\t\t\t<\/div>\n\t\t\t\t<\/div>\n\t\t<div class=\"elementor-element elementor-element-5550b0a e-con-full e-flex e-con e-child\" data-id=\"5550b0a\" data-element_type=\"container\">\n\t\t\t\t<div class=\"elementor-element elementor-element-fd122c2 elementor-widget elementor-widget-heading\" data-id=\"fd122c2\" data-element_type=\"widget\" data-widget_type=\"heading.default\">\n\t\t\t\t<div class=\"elementor-widget-container\">\n\t\t\t\t\t<h2 class=\"elementor-heading-title elementor-size-default\">TCON en Bref<\/h2>\t\t\t\t<\/div>\n\t\t\t\t<\/div>\n\t\t\t\t<div class=\"elementor-element elementor-element-04cb0f6 elementor-widget elementor-widget-text-editor\" data-id=\"04cb0f6\" data-element_type=\"widget\" data-widget_type=\"text-editor.default\">\n\t\t\t\t<div class=\"elementor-widget-container\">\n\t\t\t\t\t\t\t\t\t<p><strong>Tzaferis Technique-Construction<\/strong> est sp\u00e9cialis\u00e9e dans l&#8217;\u00e9tude, la supervision et la construction de projets techniques priv\u00e9s et publics.<\/p>\n\t\t\t\t\t\t\t\t<\/div>\n\t\t\t\t<\/div>\n\t\t\t\t<\/div>\n\t\t\t\t<\/div>\n\t\t\t\t\t<\/div>\n\t\t\t\t<\/div>\n\t\t<div class=\"elementor-element elementor-element-b04e040 e-flex e-con-boxed e-con e-parent\" data-id=\"b04e040\" data-element_type=\"container\" data-settings=\"{&quot;background_background&quot;:&quot;classic&quot;}\">\n\t\t\t\t\t<div class=\"e-con-inner\">\n\t\t\t\t<div class=\"elementor-element elementor-element-ae7a4bd elementor-align-left elementor-widget elementor-widget-etheme_advanced_headline\" data-id=\"ae7a4bd\" data-element_type=\"widget\" data-widget_type=\"etheme_advanced_headline.default\">\n\t\t\t\t<div class=\"elementor-widget-container\">\n\t\t\t\t\t        \n        <div class=\"etheme-a-h-wrapper\">\n        \n                            <span class=\"etheme-a-h-text-before\">\n                    Notre Mode de Fonctionnement                <\/span>\n            \n\t\t\t\n        <h2 class=\"etheme-advanced-headline etheme-advanced-headline-mask\">\n\n            Processus de Production\n        <\/h2>\n\t\t\n                    \n        <\/div>\n        \n\t\t\t\t\t\t<\/div>\n\t\t\t\t<\/div>\n\t\t<div class=\"elementor-element elementor-element-e909a89 e-con-full e-flex e-con e-child\" data-id=\"e909a89\" data-element_type=\"container\">\n\t\t\t\t<div class=\"elementor-element elementor-element-3ad4923 elementor-align-left elementor-widget elementor-widget-etheme_icon_box\" data-id=\"3ad4923\" data-element_type=\"widget\" data-settings=\"{&quot;icon_type&quot;:&quot;image&quot;}\" data-widget_type=\"etheme_icon_box.default\">\n\t\t\t\t<div class=\"elementor-widget-container\">\n\t\t\t\t\t\t\t\t<div class=\"etheme-icon-box etheme-icon-box-icon-position-top\">\n        \n                            \n                <div class=\"etheme-icon-box-icon etheme-icon-box-icon-type-image\">\n        \n                <img loading=\"lazy\" loading=\"lazy\" decoding=\"async\" width=\"410\" height=\"71\" src=\"https:\/\/tcon.gr\/twp\/wp-content\/uploads\/2024\/07\/Group-2-1.png\" class=\"attachment-full size-full wp-image-521\" alt=\"\" \/>        \n                <\/div>\n            \n                <div class=\"etheme-icon-box-content\">\n\t\t\n                                        \n                                            <h3 class=\"etheme-icon-box-title\">\n                            <span>Analyse<\/span>\n                        <\/h3>\n                    \t\t\n                                            <p class=\"etheme-icon-box-description\">\n                            Nous commen\u00e7ons par comprendre vos besoins, en \u00e9coutant attentivement vos exigences et vos id\u00e9es afin de concevoir la solution id\u00e9ale.                        <\/p>\n                    \n                            \n                <\/div>\n\t\t\t<\/div>\n\t\t\t\t\t\t<\/div>\n\t\t\t\t<\/div>\n\t\t\t\t<div class=\"elementor-element elementor-element-66a4edb elementor-align-left elementor-widget elementor-widget-etheme_icon_box\" data-id=\"66a4edb\" data-element_type=\"widget\" data-settings=\"{&quot;icon_type&quot;:&quot;image&quot;}\" data-widget_type=\"etheme_icon_box.default\">\n\t\t\t\t<div class=\"elementor-widget-container\">\n\t\t\t\t\t\t\t\t<div class=\"etheme-icon-box etheme-icon-box-icon-position-top\">\n        \n                            \n                <div class=\"etheme-icon-box-icon etheme-icon-box-icon-type-image\">\n        \n                <img loading=\"lazy\" loading=\"lazy\" decoding=\"async\" width=\"410\" height=\"71\" src=\"https:\/\/tcon.gr\/twp\/wp-content\/uploads\/2024\/07\/Group-2-1.png\" class=\"attachment-full size-full wp-image-521\" alt=\"\" \/>        \n                <\/div>\n            \n                <div class=\"etheme-icon-box-content\">\n\t\t\n                                        \n                                            <h3 class=\"etheme-icon-box-title\">\n                            <span>\u00c9tude &amp; Mise en \u0152uvre<\/span>\n                        <\/h3>\n                    \t\t\n                                            <p class=\"etheme-icon-box-description\">\n                            Nous prenons en charge l'\u00e9tude, l'estimation des co\u00fbts, la gestion des ressources humaines et des \u00e9quipements, ainsi que la supervision du projet, garantissant un r\u00e9sultat technique irr\u00e9prochable.                        <\/p>\n                    \n                            \n                <\/div>\n\t\t\t<\/div>\n\t\t\t\t\t\t<\/div>\n\t\t\t\t<\/div>\n\t\t\t\t<div class=\"elementor-element elementor-element-94ed7ab elementor-align-left elementor-widget elementor-widget-etheme_icon_box\" data-id=\"94ed7ab\" data-element_type=\"widget\" data-settings=\"{&quot;icon_type&quot;:&quot;image&quot;}\" data-widget_type=\"etheme_icon_box.default\">\n\t\t\t\t<div class=\"elementor-widget-container\">\n\t\t\t\t\t\t\t\t<div class=\"etheme-icon-box etheme-icon-box-icon-position-top\">\n        \n                            \n                <div class=\"etheme-icon-box-icon etheme-icon-box-icon-type-image\">\n        \n                <img loading=\"lazy\" loading=\"lazy\" decoding=\"async\" width=\"410\" height=\"71\" src=\"https:\/\/tcon.gr\/twp\/wp-content\/uploads\/2024\/07\/Group-2-1.png\" class=\"attachment-full size-full wp-image-521\" alt=\"\" \/>        \n                <\/div>\n            \n                <div class=\"etheme-icon-box-content\">\n\t\t\n                                        \n                                            <h3 class=\"etheme-icon-box-title\">\n                            <span>Finalisation du Projet<\/span>\n                        <\/h3>\n                    \t\t\n                                            <p class=\"etheme-icon-box-description\">\n                            Nous achevons et livrons le projet pr\u00eat \u00e0 l'emploi, avec rigueur, qualit\u00e9 et respect total des exigences du client.                        <\/p>\n                    \n                            \n                <\/div>\n\t\t\t<\/div>\n\t\t\t\t\t\t<\/div>\n\t\t\t\t<\/div>\n\t\t\t\t<\/div>\n\t\t\t\t\t<\/div>\n\t\t\t\t<\/div>\n\t\t<div class=\"elementor-element elementor-element-4f0e7ac0 e-flex e-con-boxed e-con e-parent\" data-id=\"4f0e7ac0\" data-element_type=\"container\" data-settings=\"{&quot;background_background&quot;:&quot;classic&quot;}\">\n\t\t\t\t\t<div class=\"e-con-inner\">\n\t\t<div class=\"elementor-element elementor-element-52e7877 e-con-full e-flex e-con e-child\" data-id=\"52e7877\" data-element_type=\"container\">\n\t\t\t\t<div class=\"elementor-element elementor-element-edf100f elementor-widget elementor-widget-text-editor\" data-id=\"edf100f\" data-element_type=\"widget\" data-widget_type=\"text-editor.default\">\n\t\t\t\t<div class=\"elementor-widget-container\">\n\t\t\t\t\t\t\t\t\t<p>VALEURS &amp; PHILOSOPHIE<\/p>\n\t\t\t\t\t\t\t\t<\/div>\n\t\t\t\t<\/div>\n\t\t\t\t<div class=\"elementor-element elementor-element-8b3bea3 elementor-widget elementor-widget-text-editor\" data-id=\"8b3bea3\" data-element_type=\"widget\" data-widget_type=\"text-editor.default\">\n\t\t\t\t<div class=\"elementor-widget-container\">\n\t\t\t\t\t\t\t\t\t<p>Chez <strong>Tzaferis Technique-Construction<\/strong>, notre philosophie est \u00e9troitement li\u00e9e \u00e0 la qu\u00eate d&#8217;excellence et \u00e0 l&#8217;affirmation de notre r\u00e9putation sur le march\u00e9 grec, posant ainsi les bases d&#8217;une expansion future vers de nouveaux march\u00e9s. <\/p>\n\t\t\t\t\t\t\t\t<\/div>\n\t\t\t\t<\/div>\n\t\t\t\t<div class=\"elementor-element elementor-element-2f80697 elementor-widget elementor-widget-text_button\" data-id=\"2f80697\" data-element_type=\"widget\" data-widget_type=\"text_button.default\">\n\t\t\t\t<div class=\"elementor-widget-container\">\n\t\t\t\t\t<div class=\"etheme-button-wrapper etheme-animated etheme-animation-wobble-horizontal\"><a href=\"https:\/\/tcon.gr\/fr\/lentreprise\/qui-nous-sommes\/#tcon-values\" class=\"fill-none etheme-text-button elementor-button\" role=\"button\">\n        <span class=\"elementor-button-content-wrapper\">\n            \n\t\t\t<span class=\"elementor-button-text\">En savoir plus<\/span>\n\n            \n            \n        <\/span><\/a><\/div>\t\t\t\t<\/div>\n\t\t\t\t<\/div>\n\t\t\t\t<\/div>\n\t\t<div class=\"elementor-element elementor-element-78ce4f2 e-con-full e-flex e-con e-child\" data-id=\"78ce4f2\" data-element_type=\"container\">\n\t\t\t\t<div class=\"elementor-element elementor-element-ae97d4a elementor-widget elementor-widget-counter\" data-id=\"ae97d4a\" data-element_type=\"widget\" data-widget_type=\"counter.default\">\n\t\t\t\t<div class=\"elementor-widget-container\">\n\t\t\t\t\t\t\t<div class=\"elementor-counter\">\n\t\t\t<div class=\"elementor-counter-title\">Satisfaction<\/div>\t\t\t<div class=\"elementor-counter-number-wrapper\">\n\t\t\t\t<span class=\"elementor-counter-number-prefix\"><\/span>\n\t\t\t\t<span class=\"elementor-counter-number\" data-duration=\"2000\" data-to-value=\"100\" data-from-value=\"0\" data-delimiter=\",\">0<\/span>\n\t\t\t\t<span class=\"elementor-counter-number-suffix\">%<\/span>\n\t\t\t<\/div>\n\t\t<\/div>\n\t\t\t\t\t\t<\/div>\n\t\t\t\t<\/div>\n\t\t\t\t<div class=\"elementor-element elementor-element-bd4645f elementor-widget elementor-widget-counter\" data-id=\"bd4645f\" data-element_type=\"widget\" data-widget_type=\"counter.default\">\n\t\t\t\t<div class=\"elementor-widget-container\">\n\t\t\t\t\t\t\t<div class=\"elementor-counter\">\n\t\t\t<div class=\"elementor-counter-title\">Efficacit\u00e9<\/div>\t\t\t<div class=\"elementor-counter-number-wrapper\">\n\t\t\t\t<span class=\"elementor-counter-number-prefix\"><\/span>\n\t\t\t\t<span class=\"elementor-counter-number\" data-duration=\"2000\" data-to-value=\"100\" data-from-value=\"0\" data-delimiter=\",\">0<\/span>\n\t\t\t\t<span class=\"elementor-counter-number-suffix\">%<\/span>\n\t\t\t<\/div>\n\t\t<\/div>\n\t\t\t\t\t\t<\/div>\n\t\t\t\t<\/div>\n\t\t\t\t<div class=\"elementor-element elementor-element-c5eb17c elementor-widget elementor-widget-counter\" data-id=\"c5eb17c\" data-element_type=\"widget\" data-widget_type=\"counter.default\">\n\t\t\t\t<div class=\"elementor-widget-container\">\n\t\t\t\t\t\t\t<div class=\"elementor-counter\">\n\t\t\t<div class=\"elementor-counter-title\">Innovation<\/div>\t\t\t<div class=\"elementor-counter-number-wrapper\">\n\t\t\t\t<span class=\"elementor-counter-number-prefix\"><\/span>\n\t\t\t\t<span class=\"elementor-counter-number\" data-duration=\"2000\" data-to-value=\"100\" data-from-value=\"0\" data-delimiter=\",\">0<\/span>\n\t\t\t\t<span class=\"elementor-counter-number-suffix\">%<\/span>\n\t\t\t<\/div>\n\t\t<\/div>\n\t\t\t\t\t\t<\/div>\n\t\t\t\t<\/div>\n\t\t\t\t<\/div>\n\t\t\t\t\t<\/div>\n\t\t\t\t<\/div>\n\t\t<div class=\"elementor-element elementor-element-61bac53 e-flex e-con-boxed e-con e-parent\" data-id=\"61bac53\" data-element_type=\"container\">\n\t\t\t\t\t<div class=\"e-con-inner\">\n\t\t<div class=\"elementor-element elementor-element-eafa5ae e-con-full e-flex e-con e-child\" data-id=\"eafa5ae\" data-element_type=\"container\">\n\t\t\t\t<div class=\"elementor-element elementor-element-a1ebd89 elementor-align-left elementor-widget elementor-widget-etheme_advanced_headline\" data-id=\"a1ebd89\" data-element_type=\"widget\" data-widget_type=\"etheme_advanced_headline.default\">\n\t\t\t\t<div class=\"elementor-widget-container\">\n\t\t\t\t\t        \n        <div class=\"etheme-a-h-wrapper\">\n        \n                            <span class=\"etheme-a-h-text-before\">\n                    Certifications de Haute Qualit\u00e9                <\/span>\n            \n\t\t\t\n        <h2 class=\"etheme-advanced-headline etheme-advanced-headline-mask\">\n\n            Garantie de Qualit\u00e9 &amp; Fiabilit\u00e9\n        <\/h2>\n\t\t\n                    \n        <\/div>\n        \n\t\t\t\t\t\t<\/div>\n\t\t\t\t<\/div>\n\t\t\t\t<div class=\"elementor-element elementor-element-43dec1d elementor-widget elementor-widget-text-editor\" data-id=\"43dec1d\" data-element_type=\"widget\" data-widget_type=\"text-editor.default\">\n\t\t\t\t<div class=\"elementor-widget-container\">\n\t\t\t\t\t\t\t\t\t<p>Chez <strong>Tzaferis Technique-Construction<\/strong>, nos certifications attestent de notre engagement envers<strong> la qualit\u00e9, la s\u00e9curit\u00e9 et la responsabilit\u00e9 environnementale<\/strong>. Chaque projet est r\u00e9alis\u00e9 selon des normes internationales et nationales, garantissant des r\u00e9sultats exceptionnels et une satisfaction totale de nos clients.<\/p>\n\t\t\t\t\t\t\t\t<\/div>\n\t\t\t\t<\/div>\n\t\t\t\t<\/div>\n\t\t<div class=\"elementor-element elementor-element-5efd07a e-con-full e-flex e-con e-child\" data-id=\"5efd07a\" data-element_type=\"container\">\n\t\t\t\t<div class=\"elementor-element elementor-element-be05392 etheme-elementor-widget-loaded elementor-widget elementor-widget-image\" data-id=\"be05392\" data-element_type=\"widget\" data-widget_type=\"image.default\">\n\t\t\t\t<div class=\"elementor-widget-container\">\n\t\t\t\t\t\t\t\t\t\t\t\t\t\t\t<img decoding=\"async\" src=\"https:\/\/tcon.gr\/twp\/wp-content\/uploads\/elementor\/thumbs\/aboutTCON-banner-footer-r22v4n6adasp6ubm5os64gu9i7czp9fyz2ngegnzvs.jpg\" title=\"\" alt=\"\" loading=\"lazy\" \/>\t\t\t\t\t\t\t\t\t\t\t\t\t\t\t<\/div>\n\t\t\t\t<\/div>\n\t\t\t\t<\/div>\n\t\t\t\t\t<\/div>\n\t\t\t\t<\/div>\n\t\t\t\t<\/div>\n\t\t","protected":false},"excerpt":{"rendered":"<p>Nous avons fond\u00e9 TCON en 2006 avec la vision de concevoir et de r\u00e9aliser des projets techniques qui se distinguent par leur qualit\u00e9. Avec coh\u00e9rence,&#8230;<\/p>\n","protected":false},"author":1,"featured_media":0,"parent":0,"menu_order":0,"comment_status":"closed","ping_status":"closed","template":"","meta":{"_acf_changed":false,"footnotes":""},"class_list":["post-2226","page","type-page","status-publish","hentry"],"acf":[],"_links":{"self":[{"href":"https:\/\/tcon.gr\/fr\/wp-json\/wp\/v2\/pages\/2226","targetHints":{"allow":["GET"]}}],"collection":[{"href":"https:\/\/tcon.gr\/fr\/wp-json\/wp\/v2\/pages"}],"about":[{"href":"https:\/\/tcon.gr\/fr\/wp-json\/wp\/v2\/types\/page"}],"author":[{"embeddable":true,"href":"https:\/\/tcon.gr\/fr\/wp-json\/wp\/v2\/users\/1"}],"replies":[{"embeddable":true,"href":"https:\/\/tcon.gr\/fr\/wp-json\/wp\/v2\/comments?post=2226"}],"version-history":[{"count":0,"href":"https:\/\/tcon.gr\/fr\/wp-json\/wp\/v2\/pages\/2226\/revisions"}],"wp:attachment":[{"href":"https:\/\/tcon.gr\/fr\/wp-json\/wp\/v2\/media?parent=2226"}],"curies":[{"name":"wp","href":"https:\/\/api.w.org\/{rel}","templated":true}]}}