{"id":2230,"date":"2025-03-01T21:26:48","date_gmt":"2025-03-01T19:26:48","guid":{"rendered":"https:\/\/tcon.gr\/lentreprise\/qui-nous-sommes\/"},"modified":"2025-06-01T18:56:06","modified_gmt":"2025-06-01T15:56:06","slug":"qui-nous-sommes","status":"publish","type":"page","link":"https:\/\/tcon.gr\/fr\/lentreprise\/qui-nous-sommes\/","title":{"rendered":"Qui Nous Sommes"},"content":{"rendered":"\t\t<div data-elementor-type=\"wp-page\" data-elementor-id=\"2230\" class=\"elementor elementor-2230 elementor-1335\" data-elementor-post-type=\"page\">\n\t\t\t\t\t\t<section class=\"elementor-section elementor-top-section elementor-element elementor-element-17fc373 elementor-section-content-middle elementor-section-stretched elementor-section-boxed elementor-section-height-default elementor-section-height-default\" data-id=\"17fc373\" data-element_type=\"section\" data-settings=\"{&quot;stretch_section&quot;:&quot;section-stretched&quot;}\">\n\t\t\t\t\t\t<div class=\"elementor-container elementor-column-gap-no\">\n\t\t\t\t\t<div class=\"etheme-elementor-sticky-column elementor-column elementor-col-50 elementor-top-column elementor-element elementor-element-f5f2a71 elementor-invisible\" data-id=\"f5f2a71\" data-element_type=\"column\" data-settings=\"{&quot;animation&quot;:&quot;fadeIn&quot;,&quot;etheme_column_sticky&quot;:&quot;yes&quot;,&quot;etheme_column_sticky_top_offset&quot;:50,&quot;etheme_column_sticky_on&quot;:[&quot;desktop&quot;,&quot;tablet&quot;]}\">\n\t\t\t<div class=\"elementor-widget-wrap elementor-element-populated\">\n\t\t\t\t\t\t<div class=\"elementor-element elementor-element-c683d04 etheme-elementor-widget-loaded elementor-widget elementor-widget-image\" data-id=\"c683d04\" data-element_type=\"widget\" data-widget_type=\"image.default\">\n\t\t\t\t<div class=\"elementor-widget-container\">\n\t\t\t\t\t\t\t\t\t\t\t\t\t\t\t<img loading=\"lazy\" loading=\"lazy\" decoding=\"async\" width=\"649\" height=\"789\" src=\"https:\/\/tcon.gr\/twp\/wp-content\/uploads\/2024\/12\/aboutTCON-banner-inner.jpg\" class=\"attachment-full size-full wp-image-2028\" alt=\"\" srcset=\"https:\/\/tcon.gr\/twp\/wp-content\/uploads\/2024\/12\/aboutTCON-banner-inner.jpg 649w, https:\/\/tcon.gr\/twp\/wp-content\/uploads\/2024\/12\/aboutTCON-banner-inner-494x600.jpg 494w, https:\/\/tcon.gr\/twp\/wp-content\/uploads\/2024\/12\/aboutTCON-banner-inner-1x1.jpg 1w, https:\/\/tcon.gr\/twp\/wp-content\/uploads\/2024\/12\/aboutTCON-banner-inner-8x10.jpg 8w\" sizes=\"auto, (max-width: 649px) 100vw, 649px\" \/>\t\t\t\t\t\t\t\t\t\t\t\t\t\t\t<\/div>\n\t\t\t\t<\/div>\n\t\t\t\t\t<\/div>\n\t\t<\/div>\n\t\t\t\t<div class=\"elementor-column elementor-col-50 elementor-top-column elementor-element elementor-element-4b6186f animated-fast elementor-invisible\" data-id=\"4b6186f\" data-element_type=\"column\" data-settings=\"{&quot;animation&quot;:&quot;fadeInRight&quot;}\">\n\t\t\t<div class=\"elementor-widget-wrap elementor-element-populated\">\n\t\t\t\t\t\t<div class=\"elementor-element elementor-element-2f70af4 elementor-widget elementor-widget-text-editor\" data-id=\"2f70af4\" data-element_type=\"widget\" data-widget_type=\"text-editor.default\">\n\t\t\t\t<div class=\"elementor-widget-container\">\n\t\t\t\t\t\t\t\t\t<p>Qui Nous Sommes<\/p>\n\t\t\t\t\t\t\t\t<\/div>\n\t\t\t\t<\/div>\n\t\t\t\t<div class=\"elementor-element elementor-element-1ff534f elementor-widget elementor-widget-etheme_animated_headline\" data-id=\"1ff534f\" data-element_type=\"widget\" data-settings=\"{&quot;shape&quot;:&quot;custom&quot;,&quot;text_style&quot;:&quot;highlight&quot;,&quot;loop&quot;:&quot;yes&quot;,&quot;duration&quot;:{&quot;unit&quot;:&quot;px&quot;,&quot;size&quot;:&quot;&quot;,&quot;sizes&quot;:[]}}\" data-widget_type=\"etheme_animated_headline.default\">\n\t\t\t\t<div class=\"elementor-widget-container\">\n\t\t\t\t\t        \n        <div class=\"etheme-headline-wrapper\">\n            <h2 class=\"etheme-headline\" data-style=\"highlight\">\n\t\t                                <span class=\"etheme-headline-text-before\">\n\t                        Tzaferis Technique-Construction                        <\/span>\n                                    <span class=\"etheme-headline-text-wrapper\">\n                \n\t\t        |                 \n                <\/span>\n                                    <span class=\"etheme-headline-text-after\">\n                        TCON                    <\/span>\n                            <\/h2>\n        <\/div>\n        \n\t\t\t\t\t\t<\/div>\n\t\t\t\t<\/div>\n\t\t\t\t<div class=\"elementor-element elementor-element-510ac8c elementor-widget elementor-widget-text-editor\" data-id=\"510ac8c\" data-element_type=\"widget\" data-widget_type=\"text-editor.default\">\n\t\t\t\t<div class=\"elementor-widget-container\">\n\t\t\t\t\t\t\t\t\t<p><strong>Tzaferis Construction O.E.<\/strong>, sous le nom commercial <strong>Tzaferis Technique-Construction<\/strong>, est une entreprise grecque de construction et d&#8217;ing\u00e9nierie bas\u00e9e \u00e0 Katerini. <strong>Elle est sp\u00e9cialis\u00e9e dans l&#8217;\u00e9tude, la supervision et la construction de projets techniques priv\u00e9s et publics<\/strong>.<\/p>\n<p>L&#8217;entreprise a \u00e9t\u00e9 fond\u00e9e en 2006 par deux <strong>ing\u00e9nieurs civils dipl\u00f4m\u00e9s<\/strong>, Dionysios Tzaferis et Vasileios Tzaferis, combinant leur exp\u00e9rience entrepreneuriale individuelle et collective. Depuis pr\u00e8s de deux d\u00e9cennies, elle r\u00e9alise des <strong>projets de haute qualit\u00e9<\/strong>, bas\u00e9s sur l\u2019application de pratiques commerciales innovantes, <strong>r\u00e9pondant pleinement aux besoins des clients<\/strong> et d\u00e9passant leurs attentes.<\/p>\n<p><strong>Gr\u00e2ce<\/strong> \u00e0 son personnel hautement qualifi\u00e9 et \u00e0 ses collaborations internationales, <strong>l&#8217;entreprise \u00e9volue continuellement<\/strong> dans un environnement concurrentiel, <strong>en assumant des projets aux exigences techniques et qualitatives \u00e9lev\u00e9es<\/strong>. L\u2019exp\u00e9rience accumul\u00e9e, la rigueur et l\u2019adaptation constante aux d\u00e9fis modernes ont permis d\u2019\u00e9tablir un p\u00f4le de savoir-faire moderne en mati\u00e8re d\u2019\u00e9tude, de construction et de supervision de projets.<\/p>\n<p>Aujourd\u2019hui, <strong>Tzaferis Construction O.E.<\/strong> est <strong>une entreprise de construction en pleine expansion,<\/strong> d\u00e9veloppant ses activit\u00e9s \u00e0 travers toute la Gr\u00e8ce et renfor\u00e7ant progressivement sa position sur le march\u00e9.<\/p>\n\t\t\t\t\t\t\t\t<\/div>\n\t\t\t\t<\/div>\n\t\t\t\t\t<\/div>\n\t\t<\/div>\n\t\t\t\t\t<\/div>\n\t\t<\/section>\n\t\t\t\t<section class=\"elementor-section elementor-top-section elementor-element elementor-element-cf3b4af elementor-section-boxed elementor-section-height-default elementor-section-height-default\" data-id=\"cf3b4af\" data-element_type=\"section\">\n\t\t\t\t\t\t<div class=\"elementor-container elementor-column-gap-no\">\n\t\t\t\t\t<div class=\"elementor-column elementor-col-100 elementor-top-column elementor-element elementor-element-b0a3fb3\" data-id=\"b0a3fb3\" data-element_type=\"column\">\n\t\t\t<div class=\"elementor-widget-wrap elementor-element-populated\">\n\t\t\t\t\t\t<section class=\"elementor-section elementor-inner-section elementor-element elementor-element-16dab2d elementor-section-boxed elementor-section-height-default elementor-section-height-default\" data-id=\"16dab2d\" data-element_type=\"section\">\n\t\t\t\t\t\t<div class=\"elementor-container elementor-column-gap-no\">\n\t\t\t\t\t<div class=\"elementor-column elementor-col-100 elementor-inner-column elementor-element elementor-element-3753272\" data-id=\"3753272\" data-element_type=\"column\" id=\"tcon-values\">\n\t\t\t<div class=\"elementor-widget-wrap elementor-element-populated\">\n\t\t\t\t\t\t<div class=\"elementor-element elementor-element-76612ea elementor-widget elementor-widget-heading\" data-id=\"76612ea\" data-element_type=\"widget\" data-widget_type=\"heading.default\">\n\t\t\t\t<div class=\"elementor-widget-container\">\n\t\t\t\t\t<h2 class=\"elementor-heading-title elementor-size-default\">Valeurs &amp; Philosophie<\/h2>\t\t\t\t<\/div>\n\t\t\t\t<\/div>\n\t\t\t\t<div class=\"elementor-element elementor-element-3c7198f elementor-widget elementor-widget-text-editor\" data-id=\"3c7198f\" data-element_type=\"widget\" data-widget_type=\"text-editor.default\">\n\t\t\t\t<div class=\"elementor-widget-container\">\n\t\t\t\t\t\t\t\t\t<p>Chez <strong>Tzaferis Construction O.E.<\/strong>, notre philosophie est \u00e9troitement <strong>li\u00e9e <\/strong>\u00e0 la qu\u00eate de <strong>l\u2019excellence <\/strong>et \u00e0 l\u2019\u00e9tablissement de notre r\u00e9putation sur le march\u00e9 grec, posant ainsi les bases d\u2019un d\u00e9veloppement futur sur de nouveaux march\u00e9s. L\u2019entreprise s\u2019appuie sur son exp\u00e9rience et sa rentabilit\u00e9 <strong>en mettant en avant trois piliers<\/strong> fondamentaux qui fa\u00e7onnent sa strat\u00e9gie :<\/p>\n\t\t\t\t\t\t\t\t<\/div>\n\t\t\t\t<\/div>\n\t\t\t\t\t<\/div>\n\t\t<\/div>\n\t\t\t\t\t<\/div>\n\t\t<\/section>\n\t\t\t\t<section class=\"elementor-section elementor-inner-section elementor-element elementor-element-1e0aaea elementor-section-boxed elementor-section-height-default elementor-section-height-default\" data-id=\"1e0aaea\" data-element_type=\"section\">\n\t\t\t\t\t\t<div class=\"elementor-container elementor-column-gap-wide\">\n\t\t\t\t\t<div class=\"elementor-column elementor-col-33 elementor-inner-column elementor-element elementor-element-6c35249\" data-id=\"6c35249\" data-element_type=\"column\" data-settings=\"{&quot;background_background&quot;:&quot;classic&quot;}\">\n\t\t\t<div class=\"elementor-widget-wrap elementor-element-populated\">\n\t\t\t\t\t\t<div class=\"elementor-element elementor-element-ab5965b elementor-widget elementor-widget-heading\" data-id=\"ab5965b\" data-element_type=\"widget\" data-widget_type=\"heading.default\">\n\t\t\t\t<div class=\"elementor-widget-container\">\n\t\t\t\t\t<h2 class=\"elementor-heading-title elementor-size-default\">01<\/h2>\t\t\t\t<\/div>\n\t\t\t\t<\/div>\n\t\t\t\t<div class=\"elementor-element elementor-element-2c9977d elementor-widget elementor-widget-heading\" data-id=\"2c9977d\" data-element_type=\"widget\" data-widget_type=\"heading.default\">\n\t\t\t\t<div class=\"elementor-widget-container\">\n\t\t\t\t\t<h2 class=\"elementor-heading-title elementor-size-default\">D\u00e9passement des Attentes<\/h2>\t\t\t\t<\/div>\n\t\t\t\t<\/div>\n\t\t\t\t<div class=\"elementor-element elementor-element-af470fa elementor-widget elementor-widget-text-editor\" data-id=\"af470fa\" data-element_type=\"widget\" data-widget_type=\"text-editor.default\">\n\t\t\t\t<div class=\"elementor-widget-container\">\n\t\t\t\t\t\t\t\t\t<p>La satisfaction de nos clients est notre priorit\u00e9 absolue. Gr\u00e2ce \u00e0 un dialogue constant et une collaboration \u00e9troite avec toutes les parties prenantes, nous cherchons \u00e0 comprendre et \u00e0 r\u00e9aliser leurs attentes. Nous ne nous contentons pas d&#8217;atteindre les objectifs fix\u00e9s, nous allons plus loin : nous proposons et mettons en \u0153uvre des projets qui d\u00e9passent les exigences initiales, en apportant une r\u00e9elle valeur ajout\u00e9e.<\/p>\n\t\t\t\t\t\t\t\t<\/div>\n\t\t\t\t<\/div>\n\t\t\t\t\t<\/div>\n\t\t<\/div>\n\t\t\t\t<div class=\"elementor-column elementor-col-33 elementor-inner-column elementor-element elementor-element-0114805\" data-id=\"0114805\" data-element_type=\"column\" data-settings=\"{&quot;background_background&quot;:&quot;classic&quot;}\">\n\t\t\t<div class=\"elementor-widget-wrap elementor-element-populated\">\n\t\t\t\t\t\t<div class=\"elementor-element elementor-element-b178c63 elementor-widget elementor-widget-heading\" data-id=\"b178c63\" data-element_type=\"widget\" data-widget_type=\"heading.default\">\n\t\t\t\t<div class=\"elementor-widget-container\">\n\t\t\t\t\t<h2 class=\"elementor-heading-title elementor-size-default\">02<\/h2>\t\t\t\t<\/div>\n\t\t\t\t<\/div>\n\t\t\t\t<div class=\"elementor-element elementor-element-3ecb4d1 elementor-widget elementor-widget-heading\" data-id=\"3ecb4d1\" data-element_type=\"widget\" data-widget_type=\"heading.default\">\n\t\t\t\t<div class=\"elementor-widget-container\">\n\t\t\t\t\t<h2 class=\"elementor-heading-title elementor-size-default\">Application des Meilleures Pratiques<\/h2>\t\t\t\t<\/div>\n\t\t\t\t<\/div>\n\t\t\t\t<div class=\"elementor-element elementor-element-4d49958 elementor-widget elementor-widget-text-editor\" data-id=\"4d49958\" data-element_type=\"widget\" data-widget_type=\"text-editor.default\">\n\t\t\t\t<div class=\"elementor-widget-container\">\n\t\t\t\t\t\t\t\t\t<p>L\u2019am\u00e9lioration continue de nos processus op\u00e9rationnels est un principe fondamental de notre fonctionnement. Notre objectif est d\u2019optimiser la qualit\u00e9, la productivit\u00e9 et l\u2019efficacit\u00e9, tout en garantissant toujours le respect des d\u00e9lais, des budgets et des sp\u00e9cifications techniques. L\u2019application des meilleures pratiques n\u2019est pas seulement un objectif, c\u2019est une politique quotidienne qui renforce nos relations de confiance avec nos clients.<\/p>\n\t\t\t\t\t\t\t\t<\/div>\n\t\t\t\t<\/div>\n\t\t\t\t\t<\/div>\n\t\t<\/div>\n\t\t\t\t<div class=\"elementor-column elementor-col-33 elementor-inner-column elementor-element elementor-element-d7648b4\" data-id=\"d7648b4\" data-element_type=\"column\">\n\t\t\t<div class=\"elementor-widget-wrap elementor-element-populated\">\n\t\t\t\t\t\t<div class=\"elementor-element elementor-element-89f5ca2 elementor-widget elementor-widget-heading\" data-id=\"89f5ca2\" data-element_type=\"widget\" data-widget_type=\"heading.default\">\n\t\t\t\t<div class=\"elementor-widget-container\">\n\t\t\t\t\t<h2 class=\"elementor-heading-title elementor-size-default\">03<\/h2>\t\t\t\t<\/div>\n\t\t\t\t<\/div>\n\t\t\t\t<div class=\"elementor-element elementor-element-8d95a5a elementor-widget elementor-widget-heading\" data-id=\"8d95a5a\" data-element_type=\"widget\" data-widget_type=\"heading.default\">\n\t\t\t\t<div class=\"elementor-widget-container\">\n\t\t\t\t\t<h2 class=\"elementor-heading-title elementor-size-default\">Innovation<\/h2>\t\t\t\t<\/div>\n\t\t\t\t<\/div>\n\t\t\t\t<div class=\"elementor-element elementor-element-ff362ff elementor-widget elementor-widget-text-editor\" data-id=\"ff362ff\" data-element_type=\"widget\" data-widget_type=\"text-editor.default\">\n\t\t\t\t<div class=\"elementor-widget-container\">\n\t\t\t\t\t\t\t\t\t<p>Nous favorisons et encourageons les pratiques innovantes dans le secteur de la construction en adoptant les derni\u00e8res technologies et de nouvelles connaissances \u00e0 tous les niveaux de notre organisation. L\u2019\u00e9change continu de savoir-faire et l\u2019utilisation d\u2019un \u00e9quipement m\u00e9canique de pointe garantissent des constructions techniquement parfaites et \u00e0 la pointe de l\u2019innovation. La prise de d\u00e9cision d\u00e9centralis\u00e9e et une organisation en r\u00e9seau sont des principes cl\u00e9s de notre philosophie de gestion, permettant une ex\u00e9cution dynamique et efficace de chaque projet.<\/p>\n\t\t\t\t\t\t\t\t<\/div>\n\t\t\t\t<\/div>\n\t\t\t\t\t<\/div>\n\t\t<\/div>\n\t\t\t\t\t<\/div>\n\t\t<\/section>\n\t\t\t\t<section class=\"elementor-section elementor-inner-section elementor-element elementor-element-27cdf0a elementor-section-boxed elementor-section-height-default elementor-section-height-default\" data-id=\"27cdf0a\" data-element_type=\"section\">\n\t\t\t\t\t\t<div class=\"elementor-container elementor-column-gap-no\">\n\t\t\t\t\t<div class=\"elementor-column elementor-col-100 elementor-inner-column elementor-element elementor-element-b53346d\" data-id=\"b53346d\" data-element_type=\"column\">\n\t\t\t<div class=\"elementor-widget-wrap elementor-element-populated\">\n\t\t\t\t\t\t<div class=\"elementor-element elementor-element-32ee294 elementor-widget elementor-widget-text-editor\" data-id=\"32ee294\" data-element_type=\"widget\" data-widget_type=\"text-editor.default\">\n\t\t\t\t<div class=\"elementor-widget-container\">\n\t\t\t\t\t\t\t\t\t<p>Chez <strong>Tzaferis Construction O.E.<\/strong>, <strong>notre engagement envers la qualit\u00e9, l\u2019innovation et un service client<\/strong> exceptionnel guide chacune de nos actions, renfor\u00e7ant ainsi notre r\u00e9putation dans le secteur de la construction <strong>et assurant notre succ\u00e8s \u00e0 long terme<\/strong>.<\/p>\n\t\t\t\t\t\t\t\t<\/div>\n\t\t\t\t<\/div>\n\t\t\t\t\t<\/div>\n\t\t<\/div>\n\t\t\t\t\t<\/div>\n\t\t<\/section>\n\t\t\t\t\t<\/div>\n\t\t<\/div>\n\t\t\t\t\t<\/div>\n\t\t<\/section>\n\t\t\t\t<\/div>\n\t\t","protected":false},"excerpt":{"rendered":"<p>Qui Nous Sommes Tzaferis Technique-Construction | TCON Tzaferis Construction O.E., sous le nom commercial Tzaferis Technique-Construction, est une entreprise grecque de construction et d&#8217;ing\u00e9nierie bas\u00e9e&#8230;<\/p>\n","protected":false},"author":1,"featured_media":0,"parent":2226,"menu_order":0,"comment_status":"closed","ping_status":"closed","template":"","meta":{"_acf_changed":false,"footnotes":""},"class_list":["post-2230","page","type-page","status-publish","hentry"],"acf":[],"_links":{"self":[{"href":"https:\/\/tcon.gr\/fr\/wp-json\/wp\/v2\/pages\/2230","targetHints":{"allow":["GET"]}}],"collection":[{"href":"https:\/\/tcon.gr\/fr\/wp-json\/wp\/v2\/pages"}],"about":[{"href":"https:\/\/tcon.gr\/fr\/wp-json\/wp\/v2\/types\/page"}],"author":[{"embeddable":true,"href":"https:\/\/tcon.gr\/fr\/wp-json\/wp\/v2\/users\/1"}],"replies":[{"embeddable":true,"href":"https:\/\/tcon.gr\/fr\/wp-json\/wp\/v2\/comments?post=2230"}],"version-history":[{"count":0,"href":"https:\/\/tcon.gr\/fr\/wp-json\/wp\/v2\/pages\/2230\/revisions"}],"up":[{"embeddable":true,"href":"https:\/\/tcon.gr\/fr\/wp-json\/wp\/v2\/pages\/2226"}],"wp:attachment":[{"href":"https:\/\/tcon.gr\/fr\/wp-json\/wp\/v2\/media?parent=2230"}],"curies":[{"name":"wp","href":"https:\/\/api.w.org\/{rel}","templated":true}]}}