{"id":2234,"date":"2025-03-01T21:34:41","date_gmt":"2025-03-01T19:34:41","guid":{"rendered":"https:\/\/tcon.gr\/lentreprise\/politique-de-securite-de-linformation\/"},"modified":"2025-06-01T18:56:10","modified_gmt":"2025-06-01T15:56:10","slug":"politique-de-securite-de-linformation","status":"publish","type":"page","link":"https:\/\/tcon.gr\/fr\/lentreprise\/politique-de-securite-de-linformation\/","title":{"rendered":"Politique de S\u00e9curit\u00e9 de l&#8217;Information"},"content":{"rendered":"\n<h2 class=\"wp-block-heading\">Politique de S\u00e9curit\u00e9 de l&#8217;Information ISO 27001<\/h2>\n\n<p>L\u2019objectif du Syst\u00e8me de S\u00e9curit\u00e9 de Tzaferis Construction O.E. est de prot\u00e9ger les actifs informationnels de l\u2019entreprise et de ses clients contre toutes les menaces internes, externes, volontaires ou involontaires. Les objectifs sp\u00e9cifiques de l\u2019entreprise en mati\u00e8re de S\u00e9curit\u00e9 de l&#8217;Information sont:<\/p>\n\n<p>Les informations doivent \u00eatre prot\u00e9g\u00e9es contre tout acc\u00e8s non autoris\u00e9, garantissant ainsi leur confidentialit\u00e9, disponibilit\u00e9 et int\u00e9grit\u00e9. Le respect des exigences l\u00e9gales et r\u00e9glementaires doit \u00eatre maintenu, et une formation en S\u00e9curit\u00e9 de l&#8217;Information doit \u00eatre dispens\u00e9e \u00e0 l\u2019ensemble du personnel. Tous les incidents de s\u00e9curit\u00e9, r\u00e9els ou suspect\u00e9s, doivent \u00eatre signal\u00e9s au Responsable de la S\u00e9curit\u00e9 de l&#8217;Information (RSI) et faire l\u2019objet d\u2019une enqu\u00eate.<\/p>\n\n<p>Afin d\u2019atteindre ces objectifs, des Politiques et Proc\u00e9dures de S\u00e9curit\u00e9 sp\u00e9cifiques ont \u00e9t\u00e9 d\u00e9velopp\u00e9es et mises en \u0153uvre. Ces documents d\u00e9finissent les orientations de la direction, les m\u00e9thodes de mise en \u0153uvre de chaque politique ou proc\u00e9dure, ainsi que les responsabilit\u00e9s de tout le personnel. Tout le personnel et les collaborateurs externes (si n\u00e9cessaire) sont tenus de respecter les Politiques de S\u00e9curit\u00e9 en lien avec leurs activit\u00e9s. La direction s\u2019engage \u00e0 fournir toutes les ressources et outils n\u00e9cessaires pour la mise en \u0153uvre efficace de cette politique et des politiques de s\u00e9curit\u00e9 associ\u00e9es. Pour assurer la documentation du Syst\u00e8me de Management de la S\u00e9curit\u00e9 de l&#8217;Information (SMSI), l\u2019entreprise veille \u00e0 sa conformit\u00e9 sous la responsabilit\u00e9 du Responsable du SMSI.<\/p>\n\n<p>Le Responsable de la S\u00e9curit\u00e9 de l&#8217;Information est charg\u00e9 de contr\u00f4ler et de surveiller le fonctionnement du SMSI, ainsi que d\u2019informer tout le personnel concern\u00e9 sur la Politique de S\u00e9curit\u00e9 de l\u2019Information. Tout le personnel impliqu\u00e9 dans les activit\u00e9s et proc\u00e9dures couvertes par le SMSI est responsable du respect de la politique et des proc\u00e9dures associ\u00e9es dans son domaine de travail. La direction et tous les employ\u00e9s s\u2019engagent \u00e0 atteindre les objectifs de l\u2019entreprise et \u00e0 respecter les principes de la S\u00e9curit\u00e9 de l&#8217;Information.<\/p>\n","protected":false},"excerpt":{"rendered":"<p>Politique de S\u00e9curit\u00e9 de l&#8217;Information ISO 27001 L\u2019objectif du Syst\u00e8me de S\u00e9curit\u00e9 de Tzaferis Construction O.E. est de prot\u00e9ger les actifs informationnels de l\u2019entreprise et&#8230;<\/p>\n","protected":false},"author":1,"featured_media":0,"parent":2226,"menu_order":0,"comment_status":"closed","ping_status":"closed","template":"","meta":{"_acf_changed":false,"footnotes":""},"class_list":["post-2234","page","type-page","status-publish","hentry"],"acf":[],"_links":{"self":[{"href":"https:\/\/tcon.gr\/fr\/wp-json\/wp\/v2\/pages\/2234","targetHints":{"allow":["GET"]}}],"collection":[{"href":"https:\/\/tcon.gr\/fr\/wp-json\/wp\/v2\/pages"}],"about":[{"href":"https:\/\/tcon.gr\/fr\/wp-json\/wp\/v2\/types\/page"}],"author":[{"embeddable":true,"href":"https:\/\/tcon.gr\/fr\/wp-json\/wp\/v2\/users\/1"}],"replies":[{"embeddable":true,"href":"https:\/\/tcon.gr\/fr\/wp-json\/wp\/v2\/comments?post=2234"}],"version-history":[{"count":0,"href":"https:\/\/tcon.gr\/fr\/wp-json\/wp\/v2\/pages\/2234\/revisions"}],"up":[{"embeddable":true,"href":"https:\/\/tcon.gr\/fr\/wp-json\/wp\/v2\/pages\/2226"}],"wp:attachment":[{"href":"https:\/\/tcon.gr\/fr\/wp-json\/wp\/v2\/media?parent=2234"}],"curies":[{"name":"wp","href":"https:\/\/api.w.org\/{rel}","templated":true}]}}